{"id":473,"date":"2017-09-24T19:06:04","date_gmt":"2017-09-24T19:06:04","guid":{"rendered":"http:\/\/www.lusitaniacb.net\/rlcbdancewp\/?page_id=473"},"modified":"2024-03-08T17:58:20","modified_gmt":"2024-03-08T17:58:20","slug":"programacao","status":"publish","type":"page","link":"https:\/\/www.lusitaniacb.net\/rlcbdancewp\/programacao\/","title":{"rendered":"Programa\u00e7\u00e3o"},"content":{"rendered":"<p align=\"center\"><script async=\"\" src=\"https:\/\/pagead2.googlesyndication.com\/pagead\/js\/adsbygoogle.js?client=ca-pub-3580236146913178\" crossorigin=\"anonymous\"><\/script> <!-- Radios 2022 horizontal --> <ins class=\"adsbygoogle\" style=\"display: block;\" data-ad-client=\"ca-pub-3580236146913178\" data-ad-slot=\"3957763948\" data-ad-format=\"auto\" data-full-width-responsive=\"true\"><\/ins> <script>\n     (adsbygoogle = window.adsbygoogle || []).push({});\n<\/script><\/p>\n<table id=\"AutoNumber26\" style=\"border-collapse: collapse;\" border=\"2\" width=\"100%\" cellspacing=\"0\" cellpadding=\"0\" bgcolor=\"#FFFFFF\">\n<tbody>\n<tr>\n<td colspan=\"8\" align=\"left\" bgcolor=\"#000000\" width=\"100%\" height=\"19\"><span style=\"color: #ffffff;\">\u00a0<strong>*Programas em simult\u00e2neo com a R\u00e1dio Lusit\u00e2nia CB<\/strong><\/span><\/td>\n<\/tr>\n<tr>\n<td align=\"center\" bgcolor=\"#000000\" width=\"118\" height=\"19\"><\/td>\n<td align=\"center\" bgcolor=\"#22272A\" width=\"118\" height=\"19\"><span style=\"color: #ffffff; font-size: small;\"><b>Dom<\/b><\/span><\/td>\n<td align=\"center\" bgcolor=\"#22272A\" width=\"118\" height=\"19\"><b><span style=\"color: #330099; font-size: small;\">_<\/span><span style=\"color: #ffffff; font-size: small;\">2\u00aa<\/span><span style=\"color: #330099; font-size: small;\">__<\/span><\/b><\/td>\n<td align=\"center\" bgcolor=\"#22272A\" width=\"118\" height=\"19\"><span style=\"color: #ffffff; font-size: small;\"><b>3\u00aa<\/b><\/span><\/td>\n<td align=\"center\" bgcolor=\"#22272A\" width=\"119\" height=\"19\"><span style=\"color: #ffffff; font-size: small;\"><b>4\u00aa<\/b><\/span><\/td>\n<td align=\"center\" bgcolor=\"#22272A\" width=\"119\" height=\"19\"><span style=\"color: #ffffff; font-size: small;\"><b>5\u00aa<\/b><\/span><\/td>\n<td align=\"center\" bgcolor=\"#22272A\" width=\"119\" height=\"19\"><span style=\"color: #ffffff; font-size: small;\"><b>6\u00aa<\/b><\/span><\/td>\n<td align=\"center\" bgcolor=\"#22272A\" width=\"119\" height=\"19\"><span style=\"color: #ffffff; font-size: small;\"><b>S\u00e1b<\/b><\/span><\/td>\n<\/tr>\n<tr>\n<td align=\"center\" bgcolor=\"#22272A\" width=\"118\" height=\"27\"><b><br \/>\n<span style=\"color: #ffffff; font-size: small;\">00.00<\/span><\/b><\/td>\n<td align=\"center\" bgcolor=\"#FFFFCE\" width=\"118\" height=\"14\"><span style=\"font-size: small; color: #000000;\"><b>M\u00e1quina do tempo <\/b>(Com a dupla CC)<b>*<\/b><\/span><\/td>\n<td colspan=\"5\" rowspan=\"2\" align=\"center\" bgcolor=\"#808080\" height=\"44\"><b><span style=\"color: #ffffff;\">Non Stop Trance<\/span><\/b><\/td>\n<td align=\"center\" bgcolor=\"#FFFFCE\" width=\"119\" height=\"22\"><span style=\"font-size: small; color: #000000;\"><b>M\u00e1quina do tempo <\/b>(Com a dupla CC)*<\/span><\/td>\n<\/tr>\n<tr>\n<td align=\"center\" bgcolor=\"#22272A\" width=\"118\" height=\"1\"><span style=\"color: #000000;\"><b><br \/>\n<span style=\"font-size: small; color: #ffffff;\">01.00<\/span><\/b><\/span><\/td>\n<td rowspan=\"2\" align=\"center\" bgcolor=\"#808080\" width=\"118\" height=\"35\"><span style=\"color: #ffffff;\"><b>Non Stop Trance<\/b><\/span><\/td>\n<td rowspan=\"2\" align=\"center\" bgcolor=\"#808080\" width=\"119\" height=\"38\"><span style=\"color: #ffffff;\"><b>Non Stop Trance<\/b><\/span><\/td>\n<\/tr>\n<tr>\n<td align=\"center\" bgcolor=\"#22272A\" width=\"118\" height=\"20\"><span style=\"color: #ffffff;\"><b><br \/>\n<span style=\"font-size: small;\">02.00<\/span><\/b><\/span><\/td>\n<td colspan=\"5\" align=\"center\" bgcolor=\"#FF00FF\" width=\"592\" height=\"21\"><span style=\"color: #ffffff;\"><b><span style=\"font-size: small;\">Music non Stop<\/span><\/b><span style=\"font-size: small;\">*<\/span><\/span><\/td>\n<\/tr>\n<tr>\n<td align=\"center\" bgcolor=\"#22272A\" width=\"118\" height=\"20\"><b><br \/>\n<span style=\"color: #ffffff; font-size: small;\">03.00<\/span><\/b><\/td>\n<td rowspan=\"2\" align=\"center\" bgcolor=\"#CCFFFF\" width=\"118\" height=\"41\"><span style=\"color: #000000;\"><b><span style=\"font-size: small;\">Discomania<\/span><\/b><span style=\"font-size: small;\"><b>*<\/b><\/span><\/span><\/td>\n<td align=\"center\" bgcolor=\"#FF6600\" width=\"118\" height=\"23\"><b><span style=\"color: #ffffff; font-size: small;\">Live Mix<\/span><\/b><span style=\"color: #ffffff; font-size: small;\">*<\/span><\/td>\n<td align=\"center\" bgcolor=\"#FF3300\" width=\"118\" height=\"23\"><b><span style=\"color: #ffffff; font-size: small;\">Dut Session<\/span><\/b><span style=\"color: #ffffff; font-size: small;\">*<\/span><\/td>\n<td align=\"center\" bgcolor=\"#FF6600\" width=\"119\" height=\"23\"><b><span style=\"color: #ffffff; font-size: small;\">Live Mix<\/span><\/b><span style=\"color: #ffffff; font-size: small;\">*<\/span><\/td>\n<td align=\"center\" bgcolor=\"#666699\" width=\"119\" height=\"23\"><b><span style=\"color: #ffffff; font-size: small;\">House of Rhythm<\/span><\/b><span style=\"color: #ffffff; font-size: small;\">*<\/span><\/td>\n<td align=\"center\" bgcolor=\"#CCFF33\" width=\"119\" height=\"23\"><span style=\"color: #ffffff;\"><br \/>\n<b><span style=\"font-size: small;\">Progress<\/span><\/b><span style=\"font-size: small;\">*<\/span><\/span><\/td>\n<td rowspan=\"2\" align=\"center\" bgcolor=\"#CCFFFF\" width=\"119\" height=\"41\"><span style=\"color: #000000;\"><b><span style=\"font-size: small;\">Discomania<\/span><\/b><span style=\"font-size: small;\">*<\/span><\/span><\/td>\n<\/tr>\n<tr>\n<td align=\"center\" bgcolor=\"#22272A\" width=\"118\" height=\"20\"><b><br \/>\n<span style=\"color: #ffffff; font-size: small;\">04.00<\/span><\/b><\/td>\n<td colspan=\"5\" rowspan=\"3\" align=\"center\" bgcolor=\"#CCFFFF\" width=\"592\" height=\"74\"><span style=\"color: #000000;\"><b><span style=\"font-size: small;\">Discomania<\/span><\/b><span style=\"font-size: small;\">*<\/span><\/span><\/td>\n<\/tr>\n<tr>\n<td align=\"center\" bgcolor=\"#22272A\" width=\"118\" height=\"20\"><b><br \/>\n<span style=\"color: #ffffff; font-size: small;\">05.00<\/span><\/b><\/td>\n<td rowspan=\"11\" align=\"center\" bgcolor=\"#CCCCCC\" width=\"118\" height=\"242\"><span style=\"color: #000000;\"><b>Non Stop Dance<\/b><\/span><\/td>\n<td rowspan=\"11\" align=\"center\" bgcolor=\"#CCCCCC\" height=\"216\"><span style=\"color: #000000;\"><b>Non Stop Dance<\/b><\/span><\/td>\n<\/tr>\n<tr>\n<td align=\"center\" bgcolor=\"#22272A\" width=\"118\" height=\"20\"><b><br \/>\n<span style=\"color: #ffffff; font-size: small;\">06.00<\/span><\/b><\/td>\n<\/tr>\n<tr>\n<td align=\"center\" bgcolor=\"#22272A\" width=\"118\" height=\"20\"><b><br \/>\n<span style=\"color: #ffffff; font-size: small;\">07.00<\/span><\/b><\/td>\n<td colspan=\"5\" rowspan=\"8\" align=\"center\" bgcolor=\"#CCCCCC\" height=\"116\"><span style=\"color: #000000;\"><b>Non Stop Dance<\/b><\/span><\/td>\n<\/tr>\n<tr>\n<td align=\"center\" bgcolor=\"#22272A\" width=\"118\" height=\"65\"><b><br \/>\n<span style=\"color: #ffffff; font-size: small;\">08.00<\/span><\/b><\/td>\n<\/tr>\n<tr>\n<td align=\"center\" bgcolor=\"#22272A\" width=\"118\" height=\"20\"><b><br \/>\n<span style=\"color: #ffffff; font-size: small;\">09.00<\/span><\/b><\/td>\n<\/tr>\n<tr>\n<td align=\"center\" bgcolor=\"#22272A\" width=\"118\" height=\"26\"><b><br \/>\n<span style=\"color: #ffffff; font-size: small;\">10.00<\/span><\/b><\/td>\n<\/tr>\n<tr>\n<td align=\"center\" bgcolor=\"#22272A\" width=\"118\" height=\"26\"><b><br \/>\n<span style=\"color: #ffffff; font-size: small;\">11.00<\/span><\/b><\/td>\n<\/tr>\n<tr>\n<td align=\"center\" bgcolor=\"#22272A\" width=\"118\" height=\"20\"><b><br \/>\n<span style=\"color: #ffffff; font-size: small;\">12.00<\/span><\/b><\/td>\n<\/tr>\n<tr>\n<td align=\"center\" bgcolor=\"#22272A\" width=\"118\" height=\"1\"><b><br \/>\n<span style=\"color: #ffffff; font-size: small;\">13.00<\/span><\/b><\/td>\n<\/tr>\n<tr>\n<td align=\"center\" bgcolor=\"#22272A\" width=\"118\" height=\"20\"><b><br \/>\n<span style=\"color: #ffffff; font-size: small;\">14.00<\/span><\/b><\/td>\n<\/tr>\n<tr>\n<td align=\"center\" bgcolor=\"#22272A\" width=\"118\" height=\"20\"><b><br \/>\n<span style=\"color: #ffffff; font-size: small;\">15.00<\/span><\/b><\/td>\n<td colspan=\"5\" rowspan=\"3\" align=\"center\" bgcolor=\"#CCFFFF\" width=\"592\" height=\"67\"><span style=\"color: #000000;\"><b><span style=\"font-size: small;\">Discomania<\/span><\/b><span style=\"font-size: small;\">*<\/span><\/span><\/td>\n<\/tr>\n<tr>\n<td align=\"center\" bgcolor=\"#22272A\" width=\"118\" height=\"20\"><b><br \/>\n<span style=\"color: #ffffff; font-size: small;\">16.00<\/span><\/b><\/td>\n<td align=\"center\" bgcolor=\"#CCFF33\" width=\"118\" height=\"24\"><span style=\"color: #ffffff;\"><b><span style=\"font-size: small;\">Progress <\/span><\/b><span style=\"font-size: small;\">*<\/span><\/span><\/td>\n<td align=\"center\" bgcolor=\"#FF6600\" width=\"119\" height=\"20\"><b><span style=\"color: #ffffff; font-size: small;\">Live Mix<\/span><\/b><span style=\"color: #ffffff; font-size: small;\">*<\/span><\/td>\n<\/tr>\n<tr>\n<td align=\"center\" bgcolor=\"#22272A\" width=\"118\" height=\"26\"><b><br \/>\n<span style=\"color: #ffffff; font-size: small;\">17.00<\/span><\/b><\/td>\n<td align=\"center\" bgcolor=\"#666699\" width=\"118\" height=\"23\"><b><span style=\"color: #ffffff; font-size: small;\">House of Rhythm<\/span><\/b><span style=\"color: #ffffff; font-size: small;\"><b>*<\/b><\/span><b> <\/b><\/td>\n<td align=\"center\" bgcolor=\"#FF3300\" width=\"119\" height=\"26\"><b><span style=\"color: #ffffff; font-size: small;\">Dut Session<\/span><\/b><span style=\"color: #ffffff; font-size: small;\">*<\/span><\/td>\n<\/tr>\n<tr>\n<td align=\"center\" bgcolor=\"#22272A\" width=\"118\" height=\"26\"><b><br \/>\n<span style=\"color: #ffffff; font-size: small;\">18.00<\/span><\/b><\/td>\n<td colspan=\"7\" rowspan=\"4\" align=\"center\" bgcolor=\"#808080\" height=\"94\"><span style=\"color: #ffffff;\"><b>Non Stop Trance<\/b><\/span><\/td>\n<\/tr>\n<tr>\n<td align=\"center\" bgcolor=\"#22272A\" width=\"118\" height=\"20\"><b><br \/>\n<span style=\"color: #ffffff; font-size: small;\">19.00<\/span><\/b><\/td>\n<\/tr>\n<tr>\n<td align=\"center\" bgcolor=\"#22272A\" width=\"118\" height=\"20\"><b><br \/>\n<span style=\"color: #ffffff; font-size: small;\">20.00<\/span><\/b><\/td>\n<\/tr>\n<tr>\n<td align=\"center\" bgcolor=\"#22272A\" width=\"118\" height=\"37\"><b><br \/>\n<span style=\"color: #ffffff; font-size: small;\">21.00<\/span><\/b><\/td>\n<\/tr>\n<tr>\n<td align=\"center\" bgcolor=\"#22272A\" width=\"118\" height=\"41\"><b><br \/>\n<span style=\"color: #ffffff; font-size: small;\">22.00<\/span><\/b><\/td>\n<td colspan=\"4\" rowspan=\"2\" align=\"center\" bgcolor=\"#808080\" width=\"472\" height=\"34\"><span style=\"color: #ffffff;\"><b>Non Stop Trance<\/b><\/span><\/td>\n<td align=\"center\" bgcolor=\"#808080\" width=\"119\" height=\"34\"><b><span style=\"color: #ffffff;\">Non Stop Trance<\/span><\/b><\/td>\n<td align=\"center\" bgcolor=\"#808080\" width=\"119\" height=\"19\"><b><span style=\"color: #ffffff;\">Non Stop Trance<\/span><\/b><\/td>\n<td align=\"center\" bgcolor=\"#808080\" width=\"119\" height=\"21\"><b><span style=\"color: #ffffff;\">Non Stop Trance<\/span><\/b><\/td>\n<\/tr>\n<tr>\n<td align=\"center\" bgcolor=\"#22272A\" width=\"118\" height=\"21\"><b><br \/>\n<span style=\"color: #ffffff; font-size: small;\">23.00<\/span><\/b><\/td>\n<td align=\"center\" bgcolor=\"#808080\" width=\"119\" height=\"10\"><\/td>\n<td colspan=\"2\" align=\"center\" bgcolor=\"#FFFFCE\" width=\"238\" height=\"16\"><span style=\"font-size: small; color: #000000;\"><b>M\u00e1quina do tempo <\/b>(Com a dupla CC)*<\/span><\/td>\n<\/tr>\n<\/tbody>\n<\/table>\n","protected":false},"excerpt":{"rendered":"<p>\u00a0*Programas em simult\u00e2neo com a R\u00e1dio Lusit\u00e2nia CB Dom _2\u00aa__ [&hellip;]<\/p>\n","protected":false},"author":1,"featured_media":0,"parent":0,"menu_order":0,"comment_status":"closed","ping_status":"closed","template":"","meta":{"footnotes":""},"class_list":["post-473","page","type-page","status-publish","hentry"],"_links":{"self":[{"href":"https:\/\/www.lusitaniacb.net\/rlcbdancewp\/wp-json\/wp\/v2\/pages\/473","targetHints":{"allow":["GET"]}}],"collection":[{"href":"https:\/\/www.lusitaniacb.net\/rlcbdancewp\/wp-json\/wp\/v2\/pages"}],"about":[{"href":"https:\/\/www.lusitaniacb.net\/rlcbdancewp\/wp-json\/wp\/v2\/types\/page"}],"author":[{"embeddable":true,"href":"https:\/\/www.lusitaniacb.net\/rlcbdancewp\/wp-json\/wp\/v2\/users\/1"}],"replies":[{"embeddable":true,"href":"https:\/\/www.lusitaniacb.net\/rlcbdancewp\/wp-json\/wp\/v2\/comments?post=473"}],"version-history":[{"count":12,"href":"https:\/\/www.lusitaniacb.net\/rlcbdancewp\/wp-json\/wp\/v2\/pages\/473\/revisions"}],"predecessor-version":[{"id":737,"href":"https:\/\/www.lusitaniacb.net\/rlcbdancewp\/wp-json\/wp\/v2\/pages\/473\/revisions\/737"}],"wp:attachment":[{"href":"https:\/\/www.lusitaniacb.net\/rlcbdancewp\/wp-json\/wp\/v2\/media?parent=473"}],"curies":[{"name":"wp","href":"https:\/\/api.w.org\/{rel}","templated":true}]}}