{"id":336,"date":"2017-09-17T00:00:30","date_gmt":"2017-09-17T00:00:30","guid":{"rendered":"http:\/\/www.lusitaniacb.net\/rlcbdancewp\/?page_id=336"},"modified":"2022-06-09T17:09:51","modified_gmt":"2022-06-09T17:09:51","slug":"equipa","status":"publish","type":"page","link":"https:\/\/www.lusitaniacb.net\/rlcbdancewp\/equipa\/","title":{"rendered":"Equipa"},"content":{"rendered":"<p><div  class=\"fusion-fullwidth fullwidth-box nonhundred-percent-fullwidth\"  style='background-color: #141416;background-position: left top;background-repeat: no-repeat;padding-top:30px;padding-right:30px;padding-bottom:100px;padding-left:30px;border-top-width:0px;border-bottom-width:0px;border-color:#3e3e3e;border-top-style:solid;border-bottom-style:solid;'><div class=\"fusion-builder-row fusion-row \"><div  class=\"fusion-layout-column fusion_builder_column fusion_builder_column_1_1  fusion-one-full fusion-column-first fusion-column-last fusion-column-no-min-height 1_1\"  style='margin-top:0px;margin-bottom:0px;'>\n\t\t\t\t\t<div class=\"fusion-column-wrapper\" style=\"background-position:left top;background-repeat:no-repeat;-webkit-background-size:cover;-moz-background-size:cover;-o-background-size:cover;background-size:cover;\"  data-bg-url=\"\">\n\t\t\t\t\t\t<h2 style=\"text-align: center;\"><strong><span style=\"color: #ffffff;\">A Equipa RLCB<\/span><\/strong><\/h2>\n<h3 style=\"text-align: center;\"><span style=\"color: #ffffff;\">Esta equipa coesa de amadores trabalha com muito profissionalismo e assume um compromisso que se reflecte no <strong>Grupo Lusit\u00e2nia CB<\/strong>.<\/span><\/h3>\n<p style=\"text-align: center;\"><span style=\"color: #ffffff;\">Seria muitas vezes invi\u00e1vel a sua continua\u00e7\u00e3o, devido \u00e0 nossa margem curta de tempo e hor\u00e1rios inflex\u00edveis que sentimos para preparar os nossos trabalhos e apresentar os mesmos com qualidade, mas como somos duros de roer, e, ainda que n\u00e3o seja exequ\u00edvel a nossa presen\u00e7a di\u00e1riamente, lutamos com unhas e dentes para fazermos valer os nossos projectos, cada um de forma liberal e particularmente com um \u00fanico objectivo:<\/span><\/p>\n<p style=\"text-align: center;\"><span style=\"color: #ffffff;\"><strong>SOMOS BONS NO QUE FAZEMOS!<\/strong><\/span><\/p>\n<p align=\"center\"><script async=\"\" src=\"https:\/\/pagead2.googlesyndication.com\/pagead\/js\/adsbygoogle.js?client=ca-pub-3580236146913178\" crossorigin=\"anonymous\"><\/script>\n<!-- Radios 2022 horizontal -->\n<ins class=\"adsbygoogle\" style=\"display:block\" data-ad-client=\"ca-pub-3580236146913178\" data-ad-slot=\"3957763948\" data-ad-format=\"auto\" data-full-width-responsive=\"true\"><\/ins>\n<script>\n     (adsbygoogle = window.adsbygoogle || []).push({});\n<\/script><\/p>\n<div class=\"fusion-sep-clear\"><\/div><div class=\"fusion-separator fusion-full-width-sep sep-none\" style=\"margin-left: auto;margin-right: auto;margin-top:40px;\"><\/div><div class=\"fusion-clearfix\"><\/div>\n\n\t\t\t\t\t<\/div>\n\t\t\t\t<\/div><div  class=\"fusion-layout-column fusion_builder_column fusion_builder_column_1_1  fusion-one-full fusion-column-first fusion-column-last fusion-column-no-min-height 1_1\"  style='margin-top:0px;margin-bottom:0px;'>\n\t\t\t\t\t<div class=\"fusion-column-wrapper\" style=\"background-position:left top;background-repeat:no-repeat;-webkit-background-size:cover;-moz-background-size:cover;-o-background-size:cover;background-size:cover;\"  data-bg-url=\"\">\n\t\t\t\t\t\t<div class=\"imageframe-align-center\"><span style=\"-moz-box-shadow: 2px 3px 7px rgba(0,0,0,.3);-webkit-box-shadow: 2px 3px 7px rgba(0,0,0,.3);box-shadow: 2px 3px 7px rgba(0,0,0,.3);\" class=\"fusion-imageframe imageframe-dropshadow imageframe-1 hover-type-zoomin fusion-animated\" data-animationType=\"fadeInUp\" data-animationDuration=\"0.2\" data-animationOffset=\"100%\"><a href=\"https:\/\/www.lusitaniacb.net\/rlcbdancewp\/wp-content\/uploads\/foto-portada-team-bw.png\" class=\"fusion-lightbox\" data-rel=\"iLightbox[ad8dbe22f4211d1ad2b]\" data-title=\"TEAM\" title=\"TEAM\"><img loading=\"lazy\" decoding=\"async\" src=\"https:\/\/www.lusitaniacb.net\/rlcbdancewp\/wp-content\/uploads\/foto-portada-team-bw.png\" width=\"1103\" height=\"460\" alt=\"TEAM\" class=\"img-responsive wp-image-294\" srcset=\"https:\/\/www.lusitaniacb.net\/rlcbdancewp\/wp-content\/uploads\/foto-portada-team-bw-200x83.png 200w, https:\/\/www.lusitaniacb.net\/rlcbdancewp\/wp-content\/uploads\/foto-portada-team-bw-400x167.png 400w, https:\/\/www.lusitaniacb.net\/rlcbdancewp\/wp-content\/uploads\/foto-portada-team-bw-600x250.png 600w, https:\/\/www.lusitaniacb.net\/rlcbdancewp\/wp-content\/uploads\/foto-portada-team-bw-800x334.png 800w, https:\/\/www.lusitaniacb.net\/rlcbdancewp\/wp-content\/uploads\/foto-portada-team-bw.png 1103w\" sizes=\"auto, (max-width: 800px) 100vw, 1920px\" \/><\/a><\/span><\/div><div class=\"fusion-sep-clear\"><\/div><div class=\"fusion-separator fusion-full-width-sep sep-none\" style=\"margin-left: auto;margin-right: auto;margin-top:40px;\"><\/div><\/p>\n<p style=\"text-align: left;\"><span style=\"color: #ffffff;\">Criar um grupo de trabalho para resolver um determinado assunto \u00e9 relativamente f\u00e1cil. Liderar uma equipa cujo n\u00edvel de desempenho global \u00e9 superior \u00e0 soma do desempenho individual j\u00e1 \u00e9 uma tarefa dif\u00edcil e nem sempre bem sucedida mas aqui prima por excel\u00eancia quem est\u00e1 \u00e0 frente deste Grupo, o director <strong>Carlos Carvalho<\/strong>.<\/span><\/p>\n<p style=\"text-align: left;\"><span style=\"color: #ffffff;\">A resolu\u00e7\u00e3o de problemas complexos como s\u00e3o os problemas com hardware de pc&#8217;s que por algum motivo n\u00e3o funcionam como desejar\u00edamos ou mudan\u00e7as de servidor que nos tem penalizado ou simplesmente param de funcionar e aqui cabe-nos informar o excelente trabalho realizado por<strong> Jo\u00e3o Gomes<\/strong>, que tem sido imprescind\u00edvel e incans\u00e1vel, n\u00e3o nos impediu de continuar a progredir e no que depender de todos n\u00f3s, garantidamente n\u00e3o vamos parar.<\/span><\/p>\n<p style=\"text-align: left;\"><span style=\"color: #ffffff;\">Sentimos muito orgulho nesta equipa que comp\u00f5e este grupo com qualifica\u00e7\u00f5es distintas mas complementares, habilidades, compet\u00eancias, experi\u00eancias diferentes e um elevado potencial. Discutimos ideias, avaliamos, tomamos decis\u00f5es, nem sempre as mais acertadas, reformulamos; revelamos capacidade de ac\u00e7\u00e3o e reac\u00e7\u00e3o e nos adaptamos a novas situa\u00e7\u00f5es. Levamos em conta a opini\u00e3o e participa\u00e7\u00e3o dos visitantes e amigos e do qual agradecemos que assim se mantenham. Existe uma boa comunica\u00e7\u00e3o entre todos, e em regra geral, um bom relacionamento pessoal.<\/span><\/p>\n<p style=\"text-align: left;\"><span style=\"color: #ffffff;\">Mas n\u00e3o tenham a ilus\u00e3o de que isto \u00e9 um mar de rosas! Existem desacordos e conflitos tamb\u00e9m como em qualquer fam\u00edlia, mas contornamos e tomamos consci\u00eancia do que nos afecta e atacamos a fundo o problema em quest\u00e3o.<\/span><\/p>\n<p style=\"text-align: left;\"><span style=\"color: #ffffff;\">Como grupo exprimimos livremente as nossas inquietudes e opini\u00f5es e todos n\u00f3s possu\u00edmos a&nbsp;<b>VIRTUDE DE RESPEITAR<\/b>&nbsp;para&nbsp;<b>SERMOS RESPEITADOS<\/b>.<\/span><br><span style=\"color: #ffffff;\"> Damos e recebemos feed-backs com o objectivo de sermos melhores como seres humanos e bons profissionais ainda que seja este um <em>hobbie<\/em>!<\/span><\/p>\n<div class=\"fusion-sep-clear\"><\/div><div class=\"fusion-separator fusion-full-width-sep sep-none\" style=\"margin-left: auto;margin-right: auto;margin-top:40px;\"><\/div><div class=\"fusion-clearfix\"><\/div>\n\n\t\t\t\t\t<\/div>\n\t\t\t\t<\/div><\/div><\/div><div  class=\"fusion-fullwidth fullwidth-box nonhundred-percent-fullwidth\"  style='background-color: #242424;background-position: left top;background-repeat: no-repeat;padding-top:20px;padding-right:30px;padding-bottom:20px;padding-left:30px;border-top-width:0px;border-bottom-width:0px;border-color:#3e3e3e;border-top-style:solid;border-bottom-style:solid;'><div class=\"fusion-builder-row fusion-row \"><div  class=\"fusion-layout-column fusion_builder_column fusion_builder_column_1_2  fusion-one-half fusion-column-first 1_2\"  style='margin-top:0px;margin-bottom:0px;width:48%; margin-right: 4%;'>\n\t\t\t\t\t<div class=\"fusion-column-wrapper\" style=\"padding: 13% 13% 13% 13%;background-position:left top;background-repeat:no-repeat;-webkit-background-size:cover;-moz-background-size:cover;-o-background-size:cover;background-size:cover;\"  data-bg-url=\"\">\n\t\t\t\t\t\t<div class=\"imageframe-align-center\"><span style=\"border:1px solid #494848;-moz-box-shadow: 2px 3px 7px rgba(255,255,255,.3);-webkit-box-shadow: 2px 3px 7px rgba(255,255,255,.3);box-shadow: 2px 3px 7px rgba(255,255,255,.3);\" class=\"fusion-imageframe imageframe-dropshadow imageframe-2 hover-type-zoomout\"><a href=\"https:\/\/www.lusitaniacb.net\/rlcbdancewp\/wp-content\/uploads\/Carlos-Carvalho.png\" class=\"fusion-lightbox\" data-rel=\"iLightbox[83bdbb60a2dc177c54f]\" data-title=\"Carlos Carvalho\" title=\"Carlos Carvalho\"><img loading=\"lazy\" decoding=\"async\" src=\"https:\/\/www.lusitaniacb.net\/rlcbdancewp\/wp-content\/uploads\/Carlos-Carvalho.png\" width=\"457\" height=\"478\" alt=\"Carlos Carvalho\" class=\"img-responsive wp-image-307\" srcset=\"https:\/\/www.lusitaniacb.net\/rlcbdancewp\/wp-content\/uploads\/Carlos-Carvalho-200x209.png 200w, https:\/\/www.lusitaniacb.net\/rlcbdancewp\/wp-content\/uploads\/Carlos-Carvalho-400x418.png 400w, https:\/\/www.lusitaniacb.net\/rlcbdancewp\/wp-content\/uploads\/Carlos-Carvalho.png 457w\" sizes=\"auto, (max-width: 800px) 100vw, 1920px\" \/><\/a><\/span><\/div><div class=\"fusion-sep-clear\"><\/div><div class=\"fusion-separator fusion-full-width-sep sep-none\" style=\"margin-left: auto;margin-right: auto;margin-top:20px;\"><\/div><div class=\"aligncenter\"><div class=\"fusion-social-links\"><div class=\"fusion-social-networks boxed-icons\"><div class=\"fusion-social-networks-wrapper\"><a class=\"fusion-social-network-icon fusion-tooltip fusion-facebook fusion-icon-facebook\" style=\"color:#3e3e3e;background-color:#383838;border-color:#383838;border-radius:4px;\" aria-label=\"fusion-facebook\" target=\"_blank\" rel=\"noopener noreferrer\" href=\"#\" data-placement=\"bottom\" data-title=\"Facebook\" data-toggle=\"tooltip\" title=\"Facebook\"><\/a><a class=\"fusion-social-network-icon fusion-tooltip fusion-twitter fusion-icon-twitter\" style=\"color:#3e3e3e;background-color:#383838;border-color:#383838;border-radius:4px;\" aria-label=\"fusion-twitter\" target=\"_blank\" rel=\"noopener noreferrer\" href=\"#\" data-placement=\"bottom\" data-title=\"Twitter\" data-toggle=\"tooltip\" title=\"Twitter\"><\/a><a class=\"fusion-social-network-icon fusion-tooltip fusion-instagram fusion-icon-instagram\" style=\"color:#3e3e3e;background-color:#383838;border-color:#383838;border-radius:4px;\" aria-label=\"fusion-instagram\" target=\"_blank\" rel=\"noopener noreferrer\" href=\"#\" data-placement=\"bottom\" data-title=\"Instagram\" data-toggle=\"tooltip\" title=\"Instagram\"><\/a><\/div><\/div><\/div><\/div><div class=\"fusion-clearfix\"><\/div>\n\n\t\t\t\t\t<\/div>\n\t\t\t\t<\/div><div  class=\"fusion-layout-column fusion_builder_column fusion_builder_column_1_2  fusion-one-half fusion-column-last 1_2\"  style='margin-top:0px;margin-bottom:20px;width:48%'>\n\t\t\t\t\t<div class=\"fusion-column-wrapper\" style=\"padding: 13%;background-position:left top;background-repeat:no-repeat;-webkit-background-size:cover;-moz-background-size:cover;-o-background-size:cover;background-size:cover;\"  data-bg-url=\"\">\n\t\t\t\t\t\t<h2 style=\"text-align: center; margin-bottom: 10px;\">Carlos Carvalho<\/h2>\n<h3 style=\"text-align: center; letter-spacing: 4px;\">Director, Locutor, Webmaster<\/h3>\n<h4 style=\"text-align: center;\">Carlos Carvalho \u00e9 conhecido, entre outras coisas, por ser o CC1 da M\u00e1quina do Tempo e f\u00e3 n\u00famero 1 da RLCB DANCE ou n\u00e3o fosse ele o criador. Tamb\u00e9m possui outras virtudes aparte do seu mau-feitio. Al\u00e9m de ser um excelente pai, o papagaio \u00e9 um grande profissional. Dentro da \u00e1rea da comunica\u00e7\u00e3o \u00e9 um polivalente nato, sendo webmaster das r\u00e1dios, fundador e Director do Grupo RLCB, locutor e carteiro de profiss\u00e3o n\u00e3o dispensa filmes non-sense, ou terror, acredita que h\u00e1 algo superior ao ser Humano e tem a capacidade de realizar alguns trailers na sua pr\u00f3pria vida. N\u00e3o \u00e9 boss n\u00e3o senhor, mas um excelente l\u00edder que trava na maior parte do tempo o mau-feitio da CC2.<\/h4>\n<h4 style=\"text-align: center;\"><strong><em>&#8220;Entre os meus maiores defeitos est\u00e3o a minha obstina\u00e7\u00e3o e rabugice quando n\u00e3o consigo concretizar o que pretendo nos meus projectos. Sou aficionado da r\u00e1dio, adoro &#8220;queimar as pestanas&#8221; como webmaster e informatica em geral, adoro coisas que me fa\u00e7am dar uma boa gargalhada, e adoro quem me desafie numa troca de ideias. Ali\u00e1s, sei muito bem o que penso sobre diversos temas e os defendo at\u00e9 n\u00e3o ter argumentos para contrapor, mas sempre sem radicalismos. Sou um homem politicamente de esquerda, mas j\u00e1 l\u00e1 vai o tempo em que defendia ideologias. No fundo, tenho a capacidade de atrair pessoas e tamb\u00e9m de as assustar, ou n\u00e3o fosse esta uma das minhas frases de vida: \u201cfia-te na virgem e n\u00e3o corras&#8221; e \u201cuma coisa \u00e9 uma coisa, outra coisa \u00e9 outra coisa!\u201d. Sou profundamente leal a quem me acompanha e rejeito quem n\u00e3o \u00e9 leal comigo. Detesto ser &#8220;chefe&#8221; do que quer que seja. Prefiro antes uma boa lideran\u00e7a em que a voz de todos conta para a resolu\u00e7\u00e3o das dificuldades. Quem gosta, gosta; quem n\u00e3o gosta, coma s\u00f3 as batatas. E acredito em coisas estranhas tipo, paranormal, ovnis entre outras. Disse!!!&#8221;<\/em><\/strong><\/h4>\n<div class=\"fusion-clearfix\"><\/div>\n\n\t\t\t\t\t<\/div>\n\t\t\t\t<\/div><\/div><\/div><div  class=\"fusion-fullwidth fullwidth-box nonhundred-percent-fullwidth\"  style='background-color: #080809;background-position: left top;background-repeat: no-repeat;padding-top:60px;padding-right:30px;padding-bottom:40px;padding-left:30px;border-top-width:0px;border-bottom-width:0px;border-color:#3e3e3e;border-top-style:solid;border-bottom-style:solid;'><div class=\"fusion-builder-row fusion-row \"><div  class=\"fusion-layout-column fusion_builder_column fusion_builder_column_1_2  fusion-one-half fusion-column-first 1_2\"  style='margin-top:0px;margin-bottom:0px;width:48%; margin-right: 4%;'>\n\t\t\t\t\t<div class=\"fusion-column-wrapper\" style=\"padding: 13%;background-position:left top;background-repeat:no-repeat;-webkit-background-size:cover;-moz-background-size:cover;-o-background-size:cover;background-size:cover;\"  data-bg-url=\"\">\n\t\t\t\t\t\t<h2 style=\"text-align: center; margin-bottom: 10px;\"><span style=\"color: #ffffff;\">Carmen Dolores<\/span><\/h2>\n<h3 style=\"text-align: center; letter-spacing: 4px;\"><span style=\"color: #ffffff;\">Directora, Locutora, Fot\u00f3grafa, Designer<\/span><\/h3>\n<h4 style=\"text-align: center;\"><span style=\"color: #ffffff;\">Touro no zod\u00edaco, Coelho na astrologia chinesa. Realiza-se artisticamente, conquista os que a rodeiam, n\u00e3o sem antes analisar com quem est\u00e1 a lidar! Selectiva e tamb\u00e9m conhecida como a CC2 com mau-feitio, n\u00e3o \u00e9 nada materialista mas gosta de viver confortavelmente. Podes confiar \u00e0 vontade porque sabe guardar segredos, reservada mas n\u00e3o ao microfone.<\/span><\/h4>\n<h4 style=\"text-align: center;\"><span style=\"color: #ffffff;\">Entre ir para casa ou para um qualquer evento social, o lar \u00e9 o escolhido. A fam\u00edlia \u00e9 tudo. Tem a arte de comunicar mas \u00e9 tamb\u00e9m uma ouvinte soberba. Directora da CCRadio, Adora artes e of\u00edcios, principalmente fotografia, reportagens, entrevistas e acredita em ET\u2019s, fantasmas, e mesmo no esoterismo. Teimosia e determina\u00e7\u00e3o batem por vezes \u00e0 porta da frente mas rapidamente saem pela porta dos fundos.<\/span><\/h4>\n<h4 style=\"text-align: center;\"><span style=\"color: #ffffff;\"><strong><em>\u201cAprecio a noite, adoro a lua, gosto de desafinar em karaokes, amo ser locutora, acredito em sonhos, magia, fotografia, fantasia e \u201csometimes\u201d preciso dos meus momentos \u201calone\u201d. Isto tudo sou eu.<\/em><\/strong><\/span><\/h4>\n<h4 style=\"text-align: center;\"><span style=\"color: #ffffff;\"><strong><em>Frases de elei\u00e7\u00e3o: Sejam felizes e fa\u00e7am algu\u00e9m feliz, aproveitem para se portarem mal, mas com estilo\u201d \u2013 S\u00f3 para saberem!\u201d<\/em><\/strong><\/span><\/h4>\n<div class=\"fusion-clearfix\"><\/div>\n\n\t\t\t\t\t<\/div>\n\t\t\t\t<\/div><div  class=\"fusion-layout-column fusion_builder_column fusion_builder_column_1_2  fusion-one-half fusion-column-last 1_2\"  style='margin-top:0px;margin-bottom:20px;width:48%'>\n\t\t\t\t\t<div class=\"fusion-column-wrapper\" style=\"padding: 13% 13% 13% 13%;background-position:left top;background-repeat:no-repeat;-webkit-background-size:cover;-moz-background-size:cover;-o-background-size:cover;background-size:cover;\"  data-bg-url=\"\">\n\t\t\t\t\t\t<div class=\"imageframe-align-center\"><span style=\"border:1px solid #494848;\" class=\"fusion-imageframe imageframe-bottomshadow imageframe-3 element-bottomshadow hover-type-zoomout\"><img loading=\"lazy\" decoding=\"async\" src=\"https:\/\/www.lusitaniacb.net\/rlcbdancewp\/wp-content\/uploads\/Carmen-Dolores-1.png\" width=\"457\" height=\"478\" alt=\"Carmen Dolores\" title=\"Carmen Dolores\" class=\"img-responsive wp-image-378\" srcset=\"https:\/\/www.lusitaniacb.net\/rlcbdancewp\/wp-content\/uploads\/Carmen-Dolores-1-200x209.png 200w, https:\/\/www.lusitaniacb.net\/rlcbdancewp\/wp-content\/uploads\/Carmen-Dolores-1-400x418.png 400w, https:\/\/www.lusitaniacb.net\/rlcbdancewp\/wp-content\/uploads\/Carmen-Dolores-1.png 457w\" sizes=\"auto, (max-width: 800px) 100vw, 1920px\" \/><\/span><\/div><div class=\"fusion-sep-clear\"><\/div><div class=\"fusion-separator fusion-full-width-sep sep-none\" style=\"margin-left: auto;margin-right: auto;margin-top:20px;\"><\/div><div class=\"aligncenter\"><div class=\"fusion-social-links\"><div class=\"fusion-social-networks boxed-icons\"><div class=\"fusion-social-networks-wrapper\"><a class=\"fusion-social-network-icon fusion-tooltip fusion-facebook fusion-icon-facebook\" style=\"color:#3e3e3e;background-color:#121213;border-color:#121213;border-radius:4px;\" aria-label=\"fusion-facebook\" target=\"_blank\" rel=\"noopener noreferrer\" href=\"#\" data-placement=\"bottom\" data-title=\"Facebook\" data-toggle=\"tooltip\" title=\"Facebook\"><\/a><a class=\"fusion-social-network-icon fusion-tooltip fusion-twitter fusion-icon-twitter\" style=\"color:#3e3e3e;background-color:#121213;border-color:#121213;border-radius:4px;\" aria-label=\"fusion-twitter\" target=\"_blank\" rel=\"noopener noreferrer\" href=\"#\" data-placement=\"bottom\" data-title=\"Twitter\" data-toggle=\"tooltip\" title=\"Twitter\"><\/a><a class=\"fusion-social-network-icon fusion-tooltip fusion-dribbble fusion-icon-dribbble\" style=\"color:#3e3e3e;background-color:#121213;border-color:#121213;border-radius:4px;\" aria-label=\"fusion-dribbble\" target=\"_blank\" rel=\"noopener noreferrer\" href=\"#\" data-placement=\"bottom\" data-title=\"Dribbble\" data-toggle=\"tooltip\" title=\"Dribbble\"><\/a><\/div><\/div><\/div><\/div><div class=\"fusion-clearfix\"><\/div>\n\n\t\t\t\t\t<\/div>\n\t\t\t\t<\/div><\/div><\/div><div  class=\"fusion-fullwidth fullwidth-box nonhundred-percent-fullwidth\"  style='background-color: #242424;background-position: left top;background-repeat: no-repeat;padding-top:60px;padding-right:30px;padding-bottom:40px;padding-left:30px;border-top-width:0px;border-bottom-width:0px;border-color:#3e3e3e;border-top-style:solid;border-bottom-style:solid;'><div class=\"fusion-builder-row fusion-row \"><div  class=\"fusion-layout-column fusion_builder_column fusion_builder_column_1_2  fusion-one-half fusion-column-first 1_2\"  style='margin-top:0px;margin-bottom:0px;width:48%; margin-right: 4%;'>\n\t\t\t\t\t<div class=\"fusion-column-wrapper\" style=\"padding: 13% 13% 13% 13%;background-position:left top;background-repeat:no-repeat;-webkit-background-size:cover;-moz-background-size:cover;-o-background-size:cover;background-size:cover;\"  data-bg-url=\"\">\n\t\t\t\t\t\t<div class=\"imageframe-align-center\"><span style=\"border:1px solid #494848;-moz-box-shadow: 2px 3px 7px rgba(255,255,255,.3);-webkit-box-shadow: 2px 3px 7px rgba(255,255,255,.3);box-shadow: 2px 3px 7px rgba(255,255,255,.3);\" class=\"fusion-imageframe imageframe-dropshadow imageframe-4 hover-type-zoomout\"><a href=\"https:\/\/www.lusitaniacb.net\/rlcbdancewp\/wp-content\/uploads\/Jo\u00e3o-Gomes.png\" class=\"fusion-lightbox\" data-rel=\"iLightbox[efae3c9d327ab13df57]\" data-title=\"Jo\u00e3o Gomes\" title=\"Jo\u00e3o Gomes\"><img loading=\"lazy\" decoding=\"async\" src=\"https:\/\/www.lusitaniacb.net\/rlcbdancewp\/wp-content\/uploads\/Jo\u00e3o-Gomes.png\" width=\"457\" height=\"478\" alt=\"Jo\u00e3o Gomes\" class=\"img-responsive wp-image-313\" srcset=\"https:\/\/www.lusitaniacb.net\/rlcbdancewp\/wp-content\/uploads\/Jo\u00e3o-Gomes-200x209.png 200w, https:\/\/www.lusitaniacb.net\/rlcbdancewp\/wp-content\/uploads\/Jo\u00e3o-Gomes-400x418.png 400w, https:\/\/www.lusitaniacb.net\/rlcbdancewp\/wp-content\/uploads\/Jo\u00e3o-Gomes.png 457w\" sizes=\"auto, (max-width: 800px) 100vw, 1920px\" \/><\/a><\/span><\/div><div class=\"fusion-sep-clear\"><\/div><div class=\"fusion-separator fusion-full-width-sep sep-none\" style=\"margin-left: auto;margin-right: auto;margin-top:20px;\"><\/div><div class=\"aligncenter\"><div class=\"fusion-social-links\"><div class=\"fusion-social-networks boxed-icons\"><div class=\"fusion-social-networks-wrapper\"><a class=\"fusion-social-network-icon fusion-tooltip fusion-facebook fusion-icon-facebook\" style=\"color:#3e3e3e;background-color:#383838;border-color:#383838;border-radius:4px;\" aria-label=\"fusion-facebook\" target=\"_blank\" rel=\"noopener noreferrer\" href=\"#\" data-placement=\"bottom\" data-title=\"Facebook\" data-toggle=\"tooltip\" title=\"Facebook\"><\/a><a class=\"fusion-social-network-icon fusion-tooltip fusion-twitter fusion-icon-twitter\" style=\"color:#3e3e3e;background-color:#383838;border-color:#383838;border-radius:4px;\" aria-label=\"fusion-twitter\" target=\"_blank\" rel=\"noopener noreferrer\" href=\"#\" data-placement=\"bottom\" data-title=\"Twitter\" data-toggle=\"tooltip\" title=\"Twitter\"><\/a><a class=\"fusion-social-network-icon fusion-tooltip fusion-instagram fusion-icon-instagram\" style=\"color:#3e3e3e;background-color:#383838;border-color:#383838;border-radius:4px;\" aria-label=\"fusion-instagram\" target=\"_blank\" rel=\"noopener noreferrer\" href=\"#\" data-placement=\"bottom\" data-title=\"Instagram\" data-toggle=\"tooltip\" title=\"Instagram\"><\/a><\/div><\/div><\/div><\/div><div class=\"fusion-clearfix\"><\/div>\n\n\t\t\t\t\t<\/div>\n\t\t\t\t<\/div><div  class=\"fusion-layout-column fusion_builder_column fusion_builder_column_1_2  fusion-one-half fusion-column-last 1_2\"  style='margin-top:0px;margin-bottom:20px;width:48%'>\n\t\t\t\t\t<div class=\"fusion-column-wrapper\" style=\"padding: 13%;background-position:left top;background-repeat:no-repeat;-webkit-background-size:cover;-moz-background-size:cover;-o-background-size:cover;background-size:cover;\"  data-bg-url=\"\">\n\t\t\t\t\t\t<h2 style=\"text-align: center; margin-bottom: 10px;\">Jo\u00e3o Gomes<\/h2>\n<h3 style=\"text-align: center; letter-spacing: 4px;\">Director, Locutor, Empreendedor<\/h3>\n<h4 style=\"text-align: center;\">\u201cJonh\u201d \u00e9 um A\u00e7oriano espectacular, como ser humano. O seu cora\u00e7\u00e3o \u00e9 maior que ele pr\u00f3prio. Possui duas das melhores caracter\u00edsticas que podemos encontrar em algu\u00e9m: Genu\u00edno e muito Humilde. Sempre disposto a ajudar, empenha-se com o maior esfor\u00e7o e dedica\u00e7\u00e3o ao Grupo Lusit\u00e2nia CB, que apoia fiel e incondicionalmente e em particular \u00e0 sua RLCB Tuga. Sempre atento a in\u00fameras situa\u00e7\u00f5es procura dar resposta no momento oportuno. Independentemente dos seus obst\u00e1culos ele os contorna com um elevado espirito motivador para qualquer elemento da equipa. Somos todos muito defensores do nosso &#8220;john&#8221;, por outras palavras \u00e9&nbsp;e sempre ser\u00e1 o nosso \u201c<em>menino de ouro<\/em>\u201d.<\/h4>\n<h4 style=\"text-align: center;\">Neste momento reside nos Estados Unidos e quando pode visita a sua terra Natal.<\/h4>\n<h4 style=\"text-align: center;\">Adora ser locutor e passar m\u00fasica portuguesa, n\u00e3o ser\u00e1 por acaso que \u00e9 o director da RLCB Tuga.<\/h4>\n<h4 style=\"text-align: center;\"><strong><em>\u201cMeu nome \u00e9 Joao Silva Gomes. <\/em><\/strong><\/h4>\n<h4 style=\"text-align: center;\"><strong><em>Nasci em Portugal, ilhas dos acores na ilha do pico. Sou imigrante vivo nos estados unidos em sao jose da california. Director da nova web radio rlcb tuga , do grupo radio lusitania cb. Gosto de fazer radio, ouvir musica e viajar. O meu lugar preferido para passar ferias \u00e9 nas ilhas dos Acores\u201d<\/em><\/strong><\/h4>\n<div class=\"fusion-clearfix\"><\/div>\n\n\t\t\t\t\t<\/div>\n\t\t\t\t<\/div><\/div><\/div><\/p>\n\n\n<p align=\"center\"><script async=\"\" src=\"https:\/\/pagead2.googlesyndication.com\/pagead\/js\/adsbygoogle.js?client=ca-pub-3580236146913178\" crossorigin=\"anonymous\"><\/script>\n<!-- Radios 2022 horizontal -->\n<ins class=\"adsbygoogle\" style=\"display:block\" data-ad-client=\"ca-pub-3580236146913178\" data-ad-slot=\"3957763948\" data-ad-format=\"auto\" data-full-width-responsive=\"true\"><\/ins>\n<script>\n     (adsbygoogle = window.adsbygoogle || []).push({});\n<\/script><\/p>\n","protected":false},"excerpt":{"rendered":"","protected":false},"author":1,"featured_media":0,"parent":0,"menu_order":0,"comment_status":"closed","ping_status":"closed","template":"100-width.php","meta":{"footnotes":""},"class_list":["post-336","page","type-page","status-publish","hentry"],"_links":{"self":[{"href":"https:\/\/www.lusitaniacb.net\/rlcbdancewp\/wp-json\/wp\/v2\/pages\/336","targetHints":{"allow":["GET"]}}],"collection":[{"href":"https:\/\/www.lusitaniacb.net\/rlcbdancewp\/wp-json\/wp\/v2\/pages"}],"about":[{"href":"https:\/\/www.lusitaniacb.net\/rlcbdancewp\/wp-json\/wp\/v2\/types\/page"}],"author":[{"embeddable":true,"href":"https:\/\/www.lusitaniacb.net\/rlcbdancewp\/wp-json\/wp\/v2\/users\/1"}],"replies":[{"embeddable":true,"href":"https:\/\/www.lusitaniacb.net\/rlcbdancewp\/wp-json\/wp\/v2\/comments?post=336"}],"version-history":[{"count":57,"href":"https:\/\/www.lusitaniacb.net\/rlcbdancewp\/wp-json\/wp\/v2\/pages\/336\/revisions"}],"predecessor-version":[{"id":730,"href":"https:\/\/www.lusitaniacb.net\/rlcbdancewp\/wp-json\/wp\/v2\/pages\/336\/revisions\/730"}],"wp:attachment":[{"href":"https:\/\/www.lusitaniacb.net\/rlcbdancewp\/wp-json\/wp\/v2\/media?parent=336"}],"curies":[{"name":"wp","href":"https:\/\/api.w.org\/{rel}","templated":true}]}}