{"id":318,"date":"2017-09-03T22:55:47","date_gmt":"2017-09-03T21:55:47","guid":{"rendered":"https:\/\/ccrelax.000webhostapp.com\/?page_id=9"},"modified":"2023-11-30T13:53:02","modified_gmt":"2023-11-30T13:53:02","slug":"rlcb-dance","status":"publish","type":"page","link":"https:\/\/www.lusitaniacb.net\/rlcbdancewp\/","title":{"rendered":"RLCB Dance"},"content":{"rendered":"<p><div  class=\"fusion-fullwidth fullwidth-box fusion-parallax-none hundred-percent-fullwidth\"  style='background-color: #ffffff;background-image: url(\"https:\/\/www.lusitaniacb.net\/rlcbdancewp\/wp-content\/uploads\/RLCBDANCE-ENTRADA3.png\");background-position: left top;background-repeat: no-repeat;padding-top:0px;padding-right:30px;padding-bottom:0px;padding-left:30px;-webkit-background-size:cover;-moz-background-size:cover;-o-background-size:cover;background-size:cover;background-attachment:none;'><div class=\"fusion-builder-row fusion-row \"><div  class=\"fusion-layout-column fusion_builder_column fusion_builder_column_3_5  fusion-three-fifth fusion-column-first fusion-blend-mode 3_5\"  style='margin-top:0px;margin-bottom:0px;width:60%;width:calc(60% - ( ( 10% ) * 0.6 ) );margin-right: 10%;'>\n\t\t\t\t\t<div class=\"fusion-column-wrapper\" style=\"background-color:rgba(255,255,255,0.15);padding: 0px 10px 0px 90px;background-position:left center;background-repeat:no-repeat;-webkit-background-size:cover;-moz-background-size:cover;-o-background-size:cover;background-size:cover;\"  data-bg-url=\"\">\n\t\t\t\t\t\t<div class=\"fusion-sep-clear\"><\/div><div class=\"fusion-separator fusion-full-width-sep sep-none\" style=\"margin-left: auto;margin-right: auto;margin-top:;margin-bottom:10px;\"><\/div><div class=\"fusion-sep-clear\"><\/div><div class=\"fusion-separator fusion-full-width-sep sep-none\" style=\"margin-left: auto;margin-right: auto;margin-top:;margin-bottom:20px;\"><\/div><div class=\"fusion-title title fusion-sep-none fusion-title-size-one\" style=\"margin-top:0px;margin-bottom:31px;\"><h1 class=\"title-heading-left\"><h1 style=\"text-align: left;\"><span style=\"color: #000000;\"><strong>RLCB Dance<\/strong><\/span><\/h1>\n<h2 style=\"text-align: left;\"><span style=\"color: #000000;\"><strong>Dan\u00e7a primeiro&#8230; Pensa depois!<\/strong><\/span><\/h2><\/h1><\/div><div id=\"wrapper\">\n<div class=\"fusion-row\">\n<section id=\"content\">\n<div id=\"post-2\" class=\"post-2 page type-page status-publish hentry\">\n<div class=\"post-content\">\n<div class=\"fusion-fullwidth fullwidth-box nonhundred-percent-fullwidth\">\n<div class=\"fusion-builder-row fusion-row \">\n<div class=\"fusion-layout-column fusion_builder_column fusion_builder_column_1_1 fusion-one-full fusion-column-first fusion-column-last 1_1\">\n<div class=\"fusion-column-wrapper\" data-bg-url=\"\">\n<h4><span style=\"color: #000000;\"><strong>Seja bem vindo\/a!<\/strong><\/span><\/h4>\n<h4><span style=\"color: #000000;\"><strong>A RLCB DANCE surgiu por iniciativa do director do Grupo&nbsp;Lusit\u00e2nia CB, Carlos Carvalho.<\/strong><\/span><\/h4>\n<h4><span style=\"color: #000000;\"><strong>Segundo o pr\u00f3prio afirma &#8220;<em>desde muito novo desejava ter uma r\u00e1dio especificamente dance<\/em>&#8220;. No entanto optou por primeiramente construir a r\u00e1dio generalista que todos conhecem como R\u00e1dio Lusit\u00e2nia CB. Contudo, sentiu a necessidade de continuar o seu progresso no grupo Lusit\u00e2nia CB mas, com um s\u00f3 estilo: DANCE.<\/strong><\/span><\/h4>\n<p><ins class=\"adsbygoogle\" style=\"display: block;\" data-ad-client=\"ca-pub-3580236146913178\" data-ad-slot=\"7372894308\" data-ad-format=\"auto\" data-full-width-responsive=\"true\"><\/ins><\/p>\n<h4><span style=\"color: #000000;\"><strong>Gra\u00e7as \u00e0s diversas possibilidades que a m\u00fasica tem para oferecer, ajuda-nos a descontrair do stress quotidiano, neste sentido procuramos dan\u00e7ar primeiro e pensar depois.<\/strong><\/span><\/h4>\n<h4><span style=\"color: #000000;\"><strong>\u00c9 desejo da nossa equipa que este novo canal seja um complemento \u00e0 r\u00e1dio principal, sem no entanto perder a sua identidade.<\/strong><\/span><\/h4>\n<h4><span style=\"color: #000000;\"><strong>RLCB DANCE &#8211; Dance primeiro, pense depois!!!<\/strong><\/span><\/h4>\n<\/div>\n<\/div>\n<\/div>\n<\/div>\n<\/div>\n<\/div>\n<\/section>\n<\/div>\n<\/div>\n<div class=\"fusion-clearfix\"><\/div>\n\n\t\t\t\t\t<\/div>\n\t\t\t\t<\/div><div  class=\"fusion-layout-column fusion_builder_column fusion_builder_column_1_3  fusion-one-third fusion-column-last fusion-column-no-min-height 1_3\"  style='margin-top:0px;margin-bottom:20px;width:33.33%;width:calc(33.33% - ( ( 10% ) * 0.3333 ) );'>\n\t\t\t\t\t<div class=\"fusion-column-wrapper\" style=\"padding: 0px 0px 0px 0px;background-position:left top;background-repeat:no-repeat;-webkit-background-size:cover;-moz-background-size:cover;-o-background-size:cover;background-size:cover;\"  data-bg-url=\"\">\n\t\t\t\t\t\t<div class=\"fusion-column-content-centered\"><div class=\"fusion-column-content\"><div class=\"fusion-sep-clear\"><\/div><div class=\"fusion-separator fusion-full-width-sep sep-none\" style=\"margin-left: auto;margin-right: auto;margin-top:;margin-bottom:10px;\"><\/div><div class=\"fusion-sep-clear\"><\/div><div class=\"fusion-separator fusion-full-width-sep sep-none\" style=\"margin-left: auto;margin-right: auto;margin-top:;margin-bottom:10px;\"><\/div><div class=\"fusion-sep-clear\"><\/div><div class=\"fusion-separator fusion-full-width-sep sep-none\" style=\"margin-left: auto;margin-right: auto;margin-top:;margin-bottom:10px;\"><\/div><div class=\"fusion-sep-clear\"><\/div><div class=\"fusion-separator fusion-full-width-sep sep-none\" style=\"margin-left: auto;margin-right: auto;margin-top:;margin-bottom:10px;\"><\/div><div class=\"fusion-sep-clear\"><\/div><div class=\"fusion-separator fusion-full-width-sep sep-none\" style=\"margin-left: auto;margin-right: auto;margin-top:;margin-bottom:10px;\"><\/div><div class=\"fusion-sep-clear\"><\/div><div class=\"fusion-separator fusion-full-width-sep sep-none\" style=\"margin-left: auto;margin-right: auto;margin-top:;margin-bottom:10px;\"><\/div><div class=\"fusion-sep-clear\"><\/div><div class=\"fusion-separator fusion-full-width-sep sep-none\" style=\"margin-left: auto;margin-right: auto;margin-top:;margin-bottom:10px;\"><\/div><div class=\"fusion-sep-clear\"><\/div><div class=\"fusion-separator fusion-full-width-sep sep-none\" style=\"margin-left: auto;margin-right: auto;margin-top:;margin-bottom:10px;\"><\/div><div class=\"fusion-sep-clear\"><\/div><div class=\"fusion-separator fusion-full-width-sep sep-none\" style=\"margin-left: auto;margin-right: auto;margin-top:;margin-bottom:10px;\"><\/div><div class=\"fusion-sep-clear\"><\/div><div class=\"fusion-separator fusion-full-width-sep sep-none\" style=\"margin-left: auto;margin-right: auto;margin-top:;margin-bottom:10px;\"><\/div><div class=\"fusion-sep-clear\"><\/div><div class=\"fusion-separator fusion-full-width-sep sep-none\" style=\"margin-left: auto;margin-right: auto;margin-top:;margin-bottom:10px;\"><\/div><div class=\"fusion-sep-clear\"><\/div><div class=\"fusion-separator fusion-full-width-sep sep-none\" style=\"margin-left: auto;margin-right: auto;margin-top:;margin-bottom:20px;\"><\/div><div class=\"fusion-sep-clear\"><\/div><div class=\"fusion-separator fusion-full-width-sep sep-none\" style=\"margin-left: auto;margin-right: auto;margin-top:;margin-bottom:20px;\"><\/div><div class=\"fusion-sep-clear\"><\/div><div class=\"fusion-separator fusion-full-width-sep sep-none\" style=\"margin-left: auto;margin-right: auto;margin-top:;margin-bottom:20px;\"><\/div><div class=\"fusion-sep-clear\"><\/div><div class=\"fusion-separator fusion-full-width-sep sep-none\" style=\"margin-left: auto;margin-right: auto;margin-top:;margin-bottom:20px;\"><\/div><div class=\"fusion-sep-clear\"><\/div><div class=\"fusion-separator fusion-full-width-sep sep-none\" style=\"margin-left: auto;margin-right: auto;margin-top:;margin-bottom:20px;\"><\/div><span class=\"fusion-imageframe imageframe-none imageframe-1 hover-type-none\"><img loading=\"lazy\" decoding=\"async\" src=\"https:\/\/www.lusitaniacb.net\/rlcbdancewp\/wp-content\/uploads\/Portada-branca-CC.png\" width=\"1617\" height=\"1618\" alt=\"CC1\" title=\"CC1\" class=\"img-responsive wp-image-167\" srcset=\"https:\/\/www.lusitaniacb.net\/rlcbdancewp\/wp-content\/uploads\/Portada-branca-CC-200x200.png 200w, https:\/\/www.lusitaniacb.net\/rlcbdancewp\/wp-content\/uploads\/Portada-branca-CC-400x400.png 400w, https:\/\/www.lusitaniacb.net\/rlcbdancewp\/wp-content\/uploads\/Portada-branca-CC-600x600.png 600w, https:\/\/www.lusitaniacb.net\/rlcbdancewp\/wp-content\/uploads\/Portada-branca-CC-800x800.png 800w, https:\/\/www.lusitaniacb.net\/rlcbdancewp\/wp-content\/uploads\/Portada-branca-CC-1200x1201.png 1200w, https:\/\/www.lusitaniacb.net\/rlcbdancewp\/wp-content\/uploads\/Portada-branca-CC.png 1617w\" sizes=\"auto, (max-width: 800px) 100vw, 600px\" \/><\/span><h1 style=\"text-align: center;\"><span style=\"color: #000000;\"><strong>Carlos Carvalho<\/strong><\/span><\/h1>\n<\/div><\/div><div class=\"fusion-clearfix\"><\/div>\n\n\t\t\t\t\t<\/div>\n\t\t\t\t<\/div><div  class=\"fusion-layout-column fusion_builder_column fusion_builder_column_1_1  fusion-one-full fusion-column-first fusion-column-last 1_1\"  style='margin-top:0px;margin-bottom:20px;'>\n\t\t\t\t\t<div class=\"fusion-column-wrapper\" style=\"background-position:left top;background-repeat:no-repeat;-webkit-background-size:cover;-moz-background-size:cover;-o-background-size:cover;background-size:cover;\"  data-bg-url=\"\">\n\t\t\t\t\t\t<div class=\"fusion-clearfix\"><\/div>\n\n\t\t\t\t\t<\/div>\n\t\t\t\t<\/div><\/div><\/div>&nbsp; &nbsp; <div  class=\"fusion-fullwidth fullwidth-box nonhundred-percent-fullwidth\"  style='background-color: #242424;background-position: center center;background-repeat: no-repeat;padding-top:0px;padding-right:30px;padding-bottom:0px;padding-left:30px;'><\/div><div  class=\"fusion-fullwidth fullwidth-box fusion-parallax-none nonhundred-percent-fullwidth\"  style='background-color: #202022;background-image: url(\"https:\/\/www.lusitaniacb.net\/rlcbdancewp\/wp-content\/uploads\/testemunhas.png\");background-position: right center;background-repeat: no-repeat;padding-top:160px;padding-right:30px;padding-bottom:130px;padding-left:30px;border-top-width:0px;border-bottom-width:0px;border-color:#3e3e3e;border-top-style:solid;border-bottom-style:solid;-webkit-background-size:cover;-moz-background-size:cover;-o-background-size:cover;background-size:cover;background-attachment:none;'><div class=\"fusion-builder-row fusion-row \"><div  class=\"fusion-layout-column fusion_builder_column fusion_builder_column_1_6  fusion-one-sixth fusion-column-first 1_6\"  style='margin-top:0px;margin-bottom:20px;width:13.3333%; margin-right: 4%;'>\n\t\t\t\t\t<div class=\"fusion-column-wrapper\" style=\"background-position:left top;background-repeat:no-repeat;-webkit-background-size:cover;-moz-background-size:cover;-o-background-size:cover;background-size:cover;\"  data-bg-url=\"\">\n\t\t\t\t\t\t<div class=\"fusion-clearfix\"><\/div>\n\n\t\t\t\t\t<\/div>\n\t\t\t\t<\/div><div  class=\"fusion-layout-column fusion_builder_column fusion_builder_column_2_3  fusion-two-third 2_3\"  style='margin-top:0px;margin-bottom:20px;width:65.3333%; margin-right: 4%;'>\n\t\t\t\t\t<div class=\"fusion-column-wrapper\" style=\"background-position:left top;background-repeat:no-repeat;-webkit-background-size:cover;-moz-background-size:cover;-o-background-size:cover;background-size:cover;\"  data-bg-url=\"\">\n\t\t\t\t\t\t<div class=\"fusion-testimonials clean fusion-testimonials-1\" data-random=\"0\"><style type=\"text\/css\" scoped=\"scoped\">#fusion-testimonials-1 a{border-color:#ffffff;}#fusion-testimonials-1 a:hover, #fusion-testimonials-1 .activeSlide{background-color: #ffffff;}.fusion-testimonials.clean.fusion-testimonials-1 .author:after{border-top-color:transparent !important;}<\/style><div class=\"reviews\"><div class=\"review no-avatar\"><blockquote style=\"margin: -25px;background-color:transparent;\"><q style=\"background-color:transparent;color:#ffffff;\">\n<p>\u201cA dan\u00e7a \u00e9 a linguagem escondida da alma. &#8220;<\/p>\n<\/q><\/blockquote><div class=\"author\" style=\"color:#ffffff;\"><span class=\"company-name\"><strong>Martha Graham<\/strong><\/span><\/div><\/div><div class=\"review no-avatar\"><blockquote style=\"margin: -25px;background-color:transparent;\"><q style=\"background-color:transparent;color:#ffffff;\">\n<p>\u201cA dan\u00e7a \u00e9 a forma de express\u00e3o sentimental mais sincera que existe.&#8221;<\/p>\n<\/q><\/blockquote><div class=\"author\" style=\"color:#ffffff;\"><span class=\"company-name\"><strong>St\u00e9fanie Figueiredo<\/strong><\/span><\/div><\/div><div class=\"review no-avatar\"><blockquote style=\"margin: -25px;background-color:transparent;\"><q style=\"background-color:transparent;color:#ffffff;\">\n<p>\u201cDan\u00e7a \u00e9 a \u00fanica arte na qual n\u00f3s mesmos somos o material de que ela \u00e9 feita.&#8221;<\/p>\n<\/q><\/blockquote><div class=\"author\" style=\"color:#ffffff;\"><span class=\"company-name\"><strong>Ted Shawn<\/strong><\/span><\/div><\/div><div class=\"review no-avatar\"><blockquote style=\"margin: -25px;background-color:transparent;\"><q style=\"background-color:transparent;color:#ffffff;\">\n<p>\u201cQuem dan\u00e7a por dentro rebola por fora!&#8221;<\/p>\n<\/q><\/blockquote><div class=\"author\" style=\"color:#ffffff;\"><span class=\"company-name\"><strong>Ant\u00f3nio Francisco<\/strong><\/span><\/div><\/div><div class=\"review no-avatar\"><blockquote style=\"margin: -25px;background-color:transparent;\"><q style=\"background-color:transparent;color:#ffffff;\">\n<p>\u201cH\u00e1 dias que a minha alma,dan\u00e7a&#8230;dan\u00e7a&#8230;dan\u00e7a! \u00c9 dif\u00edcil control\u00e1-la.&#8221;<\/p>\n<\/q><\/blockquote><div class=\"author\" style=\"color:#ffffff;\"><span class=\"company-name\"><strong>Day Anne<\/strong><\/span><\/div><\/div><div class=\"review no-avatar\"><blockquote style=\"margin: -25px;background-color:transparent;\"><q style=\"background-color:transparent;color:#ffffff;\">\n<p>\u201cO que a dan\u00e7a n\u00e3o faz por uma pessoa? \u00e9 magia pura.&#8221;<\/p>\n<\/q><\/blockquote><div class=\"author\" style=\"color:#ffffff;\"><span class=\"company-name\"><strong>H\u00e9l\u00e8ne Francoise<\/strong><\/span><\/div><\/div><div class=\"review no-avatar\"><blockquote style=\"margin: -25px;background-color:transparent;\"><q style=\"background-color:transparent;color:#ffffff;\">\n<p>\u201cSua alma voa? A minha dan\u00e7a!&#8221;<\/p>\n<\/q><\/blockquote><div class=\"author\" style=\"color:#ffffff;\"><span class=\"company-name\"><strong>Day Anne<\/strong><\/span><\/div><\/div><div class=\"review no-avatar\"><blockquote style=\"margin: -25px;background-color:transparent;\"><q style=\"background-color:transparent;color:#ffffff;\">\n<p>\u201cA dan\u00e7a \u00e9 capaz de traduzir os sentimentos da alma!&#8221;<\/p>\n<\/q><\/blockquote><div class=\"author\" style=\"color:#ffffff;\"><span class=\"company-name\"><strong>Carla Oliveira<\/strong><\/span><\/div><\/div><div class=\"review no-avatar\"><blockquote style=\"margin: -25px;background-color:transparent;\"><q style=\"background-color:transparent;color:#ffffff;\">\n<p>\u201cA dan\u00e7a \u00e9 a mais espiritual de todas as artes!&#8221;<\/p>\n<\/q><\/blockquote><div class=\"author\" style=\"color:#ffffff;\"><span class=\"company-name\"><strong>Kaled Massud<\/strong><\/span><\/div><\/div><div class=\"review no-avatar\"><blockquote style=\"margin: -25px;background-color:transparent;\"><q style=\"background-color:transparent;color:#ffffff;\">\n<p>\u201cO trance \u00e9 para ouvir, sentir e evoluir&#8230;&#8221;<\/p>\n<\/q><\/blockquote><div class=\"author\" style=\"color:#ffffff;\"><span class=\"company-name\"><strong>Regis DaMatta<\/strong><\/span><\/div><\/div><div class=\"review no-avatar\"><blockquote style=\"margin: -25px;background-color:transparent;\"><q style=\"background-color:transparent;color:#ffffff;\">\n<p>\u201cDan\u00e7a: trata-se da poesia em movimento!&#8221;<\/p>\n<\/q><\/blockquote><div class=\"author\" style=\"color:#ffffff;\"><span class=\"company-name\"><strong>Carmen Dolores<\/strong><\/span><\/div><\/div><div class=\"review no-avatar\"><blockquote style=\"margin: -25px;background-color:transparent;\"><q style=\"background-color:transparent;color:#ffffff;\">\n<p>\u201cA Dan\u00e7a \u00e9 o b\u00e1lsamo da minha alma!&#8221;<\/p>\n<\/q><\/blockquote><div class=\"author\" style=\"color:#ffffff;\"><span class=\"company-name\"><strong>Carlos Carvalho<\/strong><\/span><\/div><\/div><div class=\"review no-avatar\"><blockquote style=\"margin: -25px;background-color:transparent;\"><q style=\"background-color:transparent;color:#ffffff;\">\n<p>\u201cA identidade de um povo \u00e9 a sua dan\u00e7a!&#8221;<\/p>\n<\/q><\/blockquote><div class=\"author\" style=\"color:#ffffff;\"><span class=\"company-name\"><strong>Kl\u00e9ber Novartes <\/strong><\/span><\/div><\/div><div class=\"review no-avatar\"><blockquote style=\"margin: -25px;background-color:transparent;\"><q style=\"background-color:transparent;color:#ffffff;\">\n<p>\u201cA musica \u00e9 a dan\u00e7a da harmonia entre o som e o sil\u00eancio!&#8221;<\/p>\n<\/q><\/blockquote><div class=\"author\" style=\"color:#ffffff;\"><span class=\"company-name\"><strong>Ant\u00f3nio Focinheira<\/strong><\/span><\/div><\/div><div class=\"review no-avatar\"><blockquote style=\"margin: -25px;background-color:transparent;\"><q style=\"background-color:transparent;color:#ffffff;\">\n<p>\u201cMuDAN\u00c7A: ou voc\u00ea muda ou voc\u00ea dan\u00e7a!&#8221;<\/p>\n<\/q><\/blockquote><div class=\"author\" style=\"color:#ffffff;\"><span class=\"company-name\"><strong>Valmir Ferreira<\/strong><\/span><\/div><\/div><div class=\"review no-avatar\"><blockquote style=\"margin: -25px;background-color:transparent;\"><q style=\"background-color:transparent;color:#ffffff;\">\n<p>\u201c- E se der tudo errado? &#8211; N\u00f3s dan\u00e7amos!&#8221;<\/p>\n<\/q><\/blockquote><div class=\"author\" style=\"color:#ffffff;\"><span class=\"company-name\"><strong>Duda Penafiel<\/strong><\/span><\/div><\/div><div class=\"review no-avatar\"><blockquote style=\"margin: -25px;background-color:transparent;\"><q style=\"background-color:transparent;color:#ffffff;\">\n<p>\u201cViver n\u00e3o \u00e9 uma escala, \u00e9 uma dan\u00e7a!&#8221;<\/p>\n<\/q><\/blockquote><div class=\"author\" style=\"color:#ffffff;\"><span class=\"company-name\"><strong>Thaynara Alves<\/strong><\/span><\/div><\/div><div class=\"review no-avatar\"><blockquote style=\"margin: -25px;background-color:transparent;\"><q style=\"background-color:transparent;color:#ffffff;\">\n<p>\u201cA dan\u00e7a, \u00e9 o ensaio vertical do desejo manifestado na horizontal.&#8221;<\/p>\n<\/q><\/blockquote><div class=\"author\" style=\"color:#ffffff;\"><span class=\"company-name\"><strong>Isaura Fernandez<\/strong><\/span><\/div><\/div><div class=\"review no-avatar\"><blockquote style=\"margin: -25px;background-color:transparent;\"><q style=\"background-color:transparent;color:#ffffff;\">\n<p>\u201cDan\u00e7a \u00e9 a poesia do corpo!&#8221;<\/p>\n<\/q><\/blockquote><div class=\"author\" style=\"color:#ffffff;\"><span class=\"company-name\"><strong>Dayse Sene<\/strong><\/span><\/div><\/div><div class=\"review no-avatar\"><blockquote style=\"margin: -25px;background-color:transparent;\"><q style=\"background-color:transparent;color:#ffffff;\">\n<p>\u201cA dan\u00e7a \u00e9 a arte da liberdade&#8230;&#8221;<\/p>\n<\/q><\/blockquote><div class=\"author\" style=\"color:#ffffff;\"><span class=\"company-name\"><strong>Stener Camargo<\/strong><\/span><\/div><\/div><\/div><div class=\"testimonial-pagination\" id=\"fusion-testimonials-1\"><\/div><\/div><div class=\"fusion-clearfix\"><\/div>\n\n\t\t\t\t\t<\/div>\n\t\t\t\t<\/div><div  class=\"fusion-layout-column fusion_builder_column fusion_builder_column_1_6  fusion-one-sixth fusion-column-last 1_6\"  style='margin-top:0px;margin-bottom:20px;width:13.3333%'>\n\t\t\t\t\t<div class=\"fusion-column-wrapper\" style=\"background-position:left top;background-repeat:no-repeat;-webkit-background-size:cover;-moz-background-size:cover;-o-background-size:cover;background-size:cover;\"  data-bg-url=\"\">\n\t\t\t\t\t\t<div class=\"fusion-clearfix\"><\/div>\n\n\t\t\t\t\t<\/div>\n\t\t\t\t<\/div><\/div><\/div><\/p>\n\n\n<script async=\"\" src=\"https:\/\/pagead2.googlesyndication.com\/pagead\/js\/adsbygoogle.js?client=ca-pub-3580236146913178\" crossorigin=\"anonymous\"><\/script>\n<!-- Radios -->\n<ins class=\"adsbygoogle\" style=\"display:block\" data-ad-client=\"ca-pub-3580236146913178\" data-ad-slot=\"7372894308\" data-ad-format=\"auto\" data-full-width-responsive=\"true\"><\/ins>\n<script>\n     (adsbygoogle = window.adsbygoogle || []).push({});\n<\/script>\n\n\n\n<div class=\"wp-block-columns is-layout-flex wp-container-core-columns-is-layout-9d6595d7 wp-block-columns-is-layout-flex\">\n<div class=\"wp-block-column is-layout-flow wp-block-column-is-layout-flow\" style=\"flex-basis:66.66%\">\n<h1 class=\"wp-block-heading has-text-align-left has-vivid-cyan-blue-color has-text-color has-link-color wp-elements-7e8bbce2ee3ec9e18e20d93721d31ff8\">Esta r\u00e1dio n\u00e3o tem an\u00fancios comerciais. Ajude-a a manter. Ficamos gratos<\/h1>\n<\/div>\n\n\n\n<div class=\"wp-block-column is-layout-flow wp-block-column-is-layout-flow\" style=\"flex-basis:33.33%\">\nVia PAYPAL<form action=\"https:\/\/www.paypal.com\/donate\" method=\"post\" target=\"_top\">\n<input type=\"hidden\" name=\"hosted_button_id\" value=\"NMZL9LEWMYG7U\">\n<input type=\"image\" src=\"https:\/\/www.paypalobjects.com\/pt_PT\/PT\/i\/btn\/btn_donateCC_LG.gif\" border=\"0\" name=\"submit\" title=\"PayPal - The safer, easier way to pay online!\" alt=\"Donate with PayPal button\" width=\"147\" height=\"47\">\n<img alt=\"\" border=\"0\"\n<\/div>\n<\/div>\n\n\n\n<figure class=\"wp-block-image size-full\"><img loading=\"lazy\" decoding=\"async\" width=\"450\" height=\"470\" src=\"https:\/\/www.lusitaniacb.net\/rlcbdancewp\/wp-content\/uploads\/multibanco-RLCBTV.gif\" alt=\"\" class=\"wp-image-749\"\/><\/figure>\n","protected":false},"excerpt":{"rendered":"<p>&nbsp; &nbsp; Esta r\u00e1dio n\u00e3o tem an\u00fancios comerciais. Ajude-a a [&hellip;]<\/p>\n","protected":false},"author":2,"featured_media":0,"parent":0,"menu_order":0,"comment_status":"closed","ping_status":"closed","template":"100-width.php","meta":{"footnotes":""},"class_list":["post-318","page","type-page","status-publish","hentry"],"_links":{"self":[{"href":"https:\/\/www.lusitaniacb.net\/rlcbdancewp\/wp-json\/wp\/v2\/pages\/318","targetHints":{"allow":["GET"]}}],"collection":[{"href":"https:\/\/www.lusitaniacb.net\/rlcbdancewp\/wp-json\/wp\/v2\/pages"}],"about":[{"href":"https:\/\/www.lusitaniacb.net\/rlcbdancewp\/wp-json\/wp\/v2\/types\/page"}],"author":[{"embeddable":true,"href":"https:\/\/www.lusitaniacb.net\/rlcbdancewp\/wp-json\/wp\/v2\/users\/2"}],"replies":[{"embeddable":true,"href":"https:\/\/www.lusitaniacb.net\/rlcbdancewp\/wp-json\/wp\/v2\/comments?post=318"}],"version-history":[{"count":96,"href":"https:\/\/www.lusitaniacb.net\/rlcbdancewp\/wp-json\/wp\/v2\/pages\/318\/revisions"}],"predecessor-version":[{"id":751,"href":"https:\/\/www.lusitaniacb.net\/rlcbdancewp\/wp-json\/wp\/v2\/pages\/318\/revisions\/751"}],"wp:attachment":[{"href":"https:\/\/www.lusitaniacb.net\/rlcbdancewp\/wp-json\/wp\/v2\/media?parent=318"}],"curies":[{"name":"wp","href":"https:\/\/api.w.org\/{rel}","templated":true}]}}