{"id":474,"date":"2017-09-29T23:05:58","date_gmt":"2017-09-29T23:05:58","guid":{"rendered":"http:\/\/www.lusitaniacb.net\/ccradioptwp\/?page_id=474"},"modified":"2022-06-09T17:58:34","modified_gmt":"2022-06-09T17:58:34","slug":"parceiros","status":"publish","type":"page","link":"https:\/\/www.lusitaniacb.net\/ccradioptwp\/parceiros\/","title":{"rendered":"Parceiros"},"content":{"rendered":"<p align=\"center\"><script async=\"\" src=\"https:\/\/pagead2.googlesyndication.com\/pagead\/js\/adsbygoogle.js?client=ca-pub-3580236146913178\" crossorigin=\"anonymous\"><\/script> <!-- Radios 2022 horizontal --> <ins class=\"adsbygoogle\" style=\"display: block;\" data-ad-client=\"ca-pub-3580236146913178\" data-ad-slot=\"3957763948\" data-ad-format=\"auto\" data-full-width-responsive=\"true\"><\/ins> <script>\n     (adsbygoogle = window.adsbygoogle || []).push({});\n<\/script><\/p>\n<h3><strong>Parceiros:<\/strong><\/h3>\n<p><a title=\"Internet Radio\" href=\"http:\/\/www.internet-radio.com\" target=\"_blank\" rel=\"noopener noreferrer\"><img decoding=\"async\" src=\"http:\/\/www.internet-radio.com\/images\/internet-radio-badge.gif\" alt=\"Internet Radio\" \/><\/a><\/p>\n<p><script type=\"text\/javascript\" src=\"http:\/\/www.webradiocentral.com\/badge.php?h=474c283404bbefd2784c24f718ff921d\"><\/script><\/p>\n<p><!-- In\u00edcio do c\u00f3digo Streema --><a href=\"http:\/\/streema.com\"><img loading=\"lazy\" decoding=\"async\" src=\"http:\/\/www.streema.com\/static\/img\/flatpages\/468x60ad.jpg\" alt=\"Streema - Esta\u00e7\u00f5es de r\u00e1dio online\" width=\"468\" height=\"60\" border=\"0\" \/> <\/a><!-- Fim do c\u00f3digo Streema --><\/p>\n<p><a href=\"http:\/\/www.radiosnet.com\" target=\"_blank\" rel=\"noopener noreferrer\"><img loading=\"lazy\" decoding=\"async\" src=\"https:\/\/img.radios.com.br\/divulgue\/app-radiosnet-468x60-a.jpg\" alt=\"Para ouvir nossa r\u00e1dio, baixe o aplicativo RadiosNet para celulares e tablets com Android ou iPhone\/iPads.\" width=\"468\" height=\"60\" border=\"0\" \/><\/a><\/p>\n<p><a href=\"http:\/\/www.radioonline.com.pt\/\" target=\"_blank\" rel=\"noopener\"><img loading=\"lazy\" decoding=\"async\" src=\"https:\/\/cdn.webrad.io\/images\/banners\/radios-online-big.png\" alt=\"radioonline.com.pt\" width=\"250\" height=\"250\" \/><\/a><\/p>\n<p align=\"center\"><script async=\"\" src=\"https:\/\/pagead2.googlesyndication.com\/pagead\/js\/adsbygoogle.js?client=ca-pub-3580236146913178\" crossorigin=\"anonymous\"><\/script> <!-- Radios 2022 horizontal --> <ins class=\"adsbygoogle\" style=\"display: block;\" data-ad-client=\"ca-pub-3580236146913178\" data-ad-slot=\"3957763948\" data-ad-format=\"auto\" data-full-width-responsive=\"true\"><\/ins> <script>\n     (adsbygoogle = window.adsbygoogle || []).push({});\n<\/script><\/p>\n","protected":false},"excerpt":{"rendered":"<p>Parceiros:<\/p>\n","protected":false},"author":1,"featured_media":0,"parent":0,"menu_order":0,"comment_status":"closed","ping_status":"closed","template":"","meta":{"footnotes":""},"class_list":["post-474","page","type-page","status-publish","hentry"],"_links":{"self":[{"href":"https:\/\/www.lusitaniacb.net\/ccradioptwp\/wp-json\/wp\/v2\/pages\/474","targetHints":{"allow":["GET"]}}],"collection":[{"href":"https:\/\/www.lusitaniacb.net\/ccradioptwp\/wp-json\/wp\/v2\/pages"}],"about":[{"href":"https:\/\/www.lusitaniacb.net\/ccradioptwp\/wp-json\/wp\/v2\/types\/page"}],"author":[{"embeddable":true,"href":"https:\/\/www.lusitaniacb.net\/ccradioptwp\/wp-json\/wp\/v2\/users\/1"}],"replies":[{"embeddable":true,"href":"https:\/\/www.lusitaniacb.net\/ccradioptwp\/wp-json\/wp\/v2\/comments?post=474"}],"version-history":[{"count":7,"href":"https:\/\/www.lusitaniacb.net\/ccradioptwp\/wp-json\/wp\/v2\/pages\/474\/revisions"}],"predecessor-version":[{"id":955,"href":"https:\/\/www.lusitaniacb.net\/ccradioptwp\/wp-json\/wp\/v2\/pages\/474\/revisions\/955"}],"wp:attachment":[{"href":"https:\/\/www.lusitaniacb.net\/ccradioptwp\/wp-json\/wp\/v2\/media?parent=474"}],"curies":[{"name":"wp","href":"https:\/\/api.w.org\/{rel}","templated":true}]}}